{"id":15,"date":"2021-09-02T22:54:23","date_gmt":"2021-09-02T20:54:23","guid":{"rendered":"https:\/\/cybai.eu\/?page_id=15"},"modified":"2025-10-23T11:36:27","modified_gmt":"2025-10-23T09:36:27","slug":"a-propos-de","status":"publish","type":"page","link":"https:\/\/www.cybi.fr\/index.php\/a-propos-de\/","title":{"rendered":"A propos de"},"content":{"rendered":"\n<div class=\"wp-block-uagb-container uagb-block-d8f09243 alignfull uagb-is-root-container\"><div class=\"uagb-container-inner-blocks-wrap\">\n<h1 class=\"wp-block-heading has-white-color has-text-color has-link-color wp-elements-9678a9814398cd9dbd6672ff05f1630e\" style=\"font-size:clamp(27.894px, 1.743rem + ((1vw - 3.2px) * 1.571), 48px);\">\u00c0 propos <\/h1>\n<\/div><\/div>\n\n\n\n<div class=\"wp-block-uagb-container uagb-block-58c1da42 alignfull uagb-is-root-container\"><div class=\"uagb-container-inner-blocks-wrap\">\n<div class=\"wp-block-uagb-container uag-hide-mob uagb-block-f6f62860\">\n<div class=\"wp-block-group is-vertical is-layout-flex wp-container-core-group-is-layout-fe9cc265 wp-block-group-is-layout-flex\">\n<div class=\"wp-block-uagb-container uagb-block-6bc0b3fb\">\n<div class=\"wp-block-uagb-image uagb-block-980a6493 wp-block-uagb-image--layout-default wp-block-uagb-image--effect-static wp-block-uagb-image--align-none\"><figure class=\"wp-block-uagb-image__figure\"><img decoding=\"async\" srcset=\"https:\/\/www.cybi.fr\/wp-content\/uploads\/2025\/03\/Overlay-2.png ,https:\/\/www.cybi.fr\/wp-content\/uploads\/2025\/03\/Overlay-2.png 780w, https:\/\/www.cybi.fr\/wp-content\/uploads\/2025\/03\/Overlay-2.png 360w\" sizes=\"auto, (max-width: 480px) 150px\" src=\"https:\/\/www.cybi.fr\/wp-content\/uploads\/2025\/03\/Overlay-2.png\" alt=\"\" class=\"uag-image-763\" width=\"569\" height=\"400\" title=\"Overlay\" loading=\"lazy\" role=\"img\"\/><\/figure><\/div>\n<\/div>\n\n\n\n<div class=\"wp-block-uagb-container uagb-block-55210654\">\n<div class=\"wp-block-uagb-image uagb-block-20b5a0dc wp-block-uagb-image--layout-default wp-block-uagb-image--effect-static wp-block-uagb-image--align-none\"><figure class=\"wp-block-uagb-image__figure\"><img decoding=\"async\" srcset=\"https:\/\/www.cybi.fr\/wp-content\/uploads\/2025\/10\/Overlay.png ,https:\/\/www.cybi.fr\/wp-content\/uploads\/2025\/10\/Overlay.png 780w, https:\/\/www.cybi.fr\/wp-content\/uploads\/2025\/10\/Overlay.png 360w\" sizes=\"auto, (max-width: 480px) 150px\" src=\"https:\/\/www.cybi.fr\/wp-content\/uploads\/2025\/10\/Overlay.png\" alt=\"\" class=\"uag-image-1092\" width=\"569\" height=\"513\" title=\"Overlay\" loading=\"lazy\" role=\"img\"\/><\/figure><\/div>\n<\/div>\n<\/div>\n<\/div>\n\n\n\n<div class=\"wp-block-uagb-container uagb-block-3c572769\">\n<div class=\"wp-block-group is-vertical is-layout-flex wp-container-core-group-is-layout-fe9cc265 wp-block-group-is-layout-flex\">\n<div class=\"wp-block-uagb-container uagb-block-1bbb3902\">\n<div class=\"wp-block-uagb-container uag-hide-desktop uag-hide-tab uagb-block-ed39ec14\">\n<div class=\"wp-block-uagb-image uagb-block-8a742a3d wp-block-uagb-image--layout-default wp-block-uagb-image--effect-static wp-block-uagb-image--align-none\"><figure class=\"wp-block-uagb-image__figure\"><img decoding=\"async\" srcset=\"https:\/\/www.cybi.fr\/wp-content\/uploads\/2025\/03\/Overlay-2.png ,https:\/\/www.cybi.fr\/wp-content\/uploads\/2025\/03\/Overlay-2.png 780w, https:\/\/www.cybi.fr\/wp-content\/uploads\/2025\/03\/Overlay-2.png 360w\" sizes=\"auto, (max-width: 480px) 150px\" src=\"https:\/\/www.cybi.fr\/wp-content\/uploads\/2025\/03\/Overlay-2.png\" alt=\"\" class=\"uag-image-763\" width=\"569\" height=\"400\" title=\"Overlay\" loading=\"lazy\" role=\"img\"\/><\/figure><\/div>\n<\/div>\n\n\n\n<h2 class=\"wp-block-heading has-white-color has-text-color has-link-color wp-elements-dbf9be3a7999bf8a2cdc3ce5aedd8fcc\" style=\"margin-top:0;margin-right:0;margin-bottom:0;margin-left:0;font-size:clamp(24.034px, 1.502rem + ((1vw - 3.2px) * 1.247), 40px);\">Qui sommes-nous ?<\/h2>\n\n\n\n<p class=\"has-text-color has-link-color wp-elements-e3eb162f77663d7c72502f245e781784\" style=\"color:#ffffffe6;margin-top:0;margin-right:0;margin-bottom:0;margin-left:0;font-size:clamp(14px, 0.875rem + ((1vw - 3.2px) * 0.313), 18px);\">Cybi, c\u2019est avant tout l\u2019histoire d\u2019une passion partag\u00e9e pour la cybers\u00e9curit\u00e9 et l\u2019innovation technologique. Fond\u00e9e par un collectif d\u2019experts et de chercheurs du LORIA ainsi que de l\u2019INRIA, la soci\u00e9t\u00e9 se positionne aujourd\u2019hui comme un acteur incontournable de la protection des syst\u00e8mes d\u2019information, en alliant excellence technique et accessibilit\u00e9. <br><br>Cybi est n\u00e9e d\u2019une vision commune : r\u00e9pondre aux d\u00e9fis croissants des entreprises face \u00e0 la complexit\u00e9 des cybermenaces modernes. Bas\u00e9e \u00e0 Villers-l\u00e8s-Nancy, au sein du Laboratoire Lorrain de Recherche en Informatique et ses Applications (LORIA), notre \u00e9quipe b\u00e9n\u00e9ficie d\u2019un environnement de recherche de pointe, propice \u00e0 l\u2019innovation et au d\u00e9veloppement de solutions performantes.<\/p>\n<\/div>\n\n\n\n<div class=\"wp-block-uagb-container uagb-block-d9644896\">\n<h2 class=\"wp-block-heading has-white-color has-text-color has-link-color wp-elements-fc4dcdf82a3f7c934688d04e7c762b90\" style=\"margin-top:0;margin-right:0;margin-bottom:0;margin-left:0;font-size:clamp(24.034px, 1.502rem + ((1vw - 3.2px) * 1.247), 40px);\">Une d\u00e9cennie de recherche<\/h2>\n\n\n\n<p class=\"has-text-color has-link-color wp-elements-57a672ee41f61dc67893ec087e03514a\" style=\"color:#ffffffe6;margin-top:0;margin-right:0;margin-bottom:0;margin-left:0;font-size:clamp(14px, 0.875rem + ((1vw - 3.2px) * 0.313), 18px);\">Le projet Cybi a d\u00e9but\u00e9 en 2012, avec pour vision de transformer la cybers\u00e9curit\u00e9 gr\u00e2ce \u00e0 l&rsquo;intelligence artificielle. Apr\u00e8s 10 ans de recherche, de tests et de collaborations, le projet a pris forme et a abouti \u00e0 la cr\u00e9ation de Cybi en mai 2022. Ce parcours riche en d\u00e9fis et en d\u00e9couvertes nous a permis de concevoir une solution r\u00e9volutionnaire, durable et intelligente, r\u00e9pondant aux enjeux actuels. Aujourd&rsquo;hui, nous sommes fiers de partager le fruit de cette d\u00e9cennie de travail acharn\u00e9.<\/p>\n<\/div>\n\n\n\n<div class=\"wp-block-uagb-container uagb-block-279aece9\">\n<div class=\"wp-block-uagb-container uag-hide-desktop uag-hide-tab uagb-block-b192a472\">\n<div class=\"wp-block-uagb-image uagb-block-cd448b6a wp-block-uagb-image--layout-default wp-block-uagb-image--effect-static wp-block-uagb-image--align-none\"><figure class=\"wp-block-uagb-image__figure\"><img decoding=\"async\" srcset=\"https:\/\/www.cybi.fr\/wp-content\/uploads\/2025\/10\/Overlay.png ,https:\/\/www.cybi.fr\/wp-content\/uploads\/2025\/10\/Overlay.png 780w, https:\/\/www.cybi.fr\/wp-content\/uploads\/2025\/10\/Overlay.png 360w\" sizes=\"auto, (max-width: 480px) 150px\" src=\"https:\/\/www.cybi.fr\/wp-content\/uploads\/2025\/10\/Overlay.png\" alt=\"\" class=\"uag-image-1092\" width=\"569\" height=\"513\" title=\"Overlay\" loading=\"lazy\" role=\"img\"\/><\/figure><\/div>\n<\/div>\n\n\n\n<h2 class=\"wp-block-heading has-white-color has-text-color has-link-color wp-elements-06e57e6a4d0ee1ecb6e352562ca7b627\" style=\"margin-top:0;margin-right:0;margin-bottom:0;margin-left:0;font-size:clamp(24.034px, 1.502rem + ((1vw - 3.2px) * 1.247), 40px);\">Pourquoi SCUBA ?<\/h2>\n\n\n\n<p class=\"has-text-color has-link-color wp-elements-e1d6f4ecdf352ac6558af65431c04405\" style=\"color:#ffffffe6;margin-top:0;margin-right:0;margin-bottom:0;margin-left:0;font-size:clamp(14px, 0.875rem + ((1vw - 3.2px) * 0.313), 18px);\">Comme un plongeur explorant les profondeurs, SCUBA sonde les zones invisibles pour anticiper les chemins d\u2019attaque cach\u00e9s. Ce nom incarne pr\u00e9cision, exploration et capacit\u00e9 \u00e0 r\u00e9v\u00e9ler l\u2019invisible, des atouts essentiels pour une cybers\u00e9curit\u00e9 en profondeur.<\/p>\n<\/div>\n<\/div>\n<\/div>\n<\/div><\/div>\n\n\n\n<div class=\"wp-block-uagb-container uagb-block-72c5df38 alignfull uagb-is-root-container\"><div class=\"uagb-container-inner-blocks-wrap\">\n<h1 class=\"wp-block-heading has-text-align-center has-white-color has-text-color has-link-color wp-elements-4f967429825b1f3f207ad35c6d871bb1\" style=\"font-size:clamp(27.894px, 1.743rem + ((1vw - 3.2px) * 1.571), 48px);\">Nous faisons partie de la French Tech East <\/h1>\n\n\n\n<figure class=\"wp-block-image size-full\"><a href=\"https:\/\/lafrenchtech-east.fr\/\"><img loading=\"lazy\" decoding=\"async\" width=\"198\" height=\"203\" src=\"https:\/\/www.cybi.fr\/wp-content\/uploads\/2022\/06\/French-tech-East.png\" alt=\"\" class=\"wp-image-318\"\/><\/a><\/figure>\n<\/div><\/div>\n\n\n\n<div class=\"wp-block-uagb-container uagb-block-d2860f04 alignfull uagb-is-root-container\"><div class=\"uagb-container-inner-blocks-wrap\">\n<h1 class=\"wp-block-heading has-white-color has-text-color has-link-color wp-elements-1de3d147d1525987998089292ca04bed\" style=\"font-size:clamp(27.894px, 1.743rem + ((1vw - 3.2px) * 1.571), 48px);\">Nos partenaires<\/h1>\n<\/div><\/div>\n\n\n\n<div class=\"wp-block-uagb-container uagb-block-b8ec7d23 alignfull uagb-is-root-container\"><div class=\"uagb-container-inner-blocks-wrap\">\n<div class=\"wp-block-uagb-container uagb-block-1d156c2c\">\n<figure class=\"wp-block-image aligncenter size-full\"><img loading=\"lazy\" decoding=\"async\" width=\"243\" height=\"85\" src=\"https:\/\/www.cybi.fr\/wp-content\/uploads\/2025\/10\/Inria_logo-blanc.png\" alt=\"\" class=\"wp-image-1101\"\/><\/figure>\n<\/div>\n\n\n\n<div class=\"wp-block-uagb-container uagb-block-33ca0ba4\">\n<figure class=\"wp-block-image aligncenter size-full\"><img loading=\"lazy\" decoding=\"async\" width=\"205\" height=\"104\" src=\"https:\/\/www.cybi.fr\/wp-content\/uploads\/2025\/10\/logo_loria_complet_couleur200-300x152-1.png\" alt=\"\" class=\"wp-image-1102\"\/><\/figure>\n<\/div>\n\n\n\n<div class=\"wp-block-uagb-container uagb-block-70ffb865\">\n<figure class=\"wp-block-image aligncenter size-full\"><img loading=\"lazy\" decoding=\"async\" width=\"273\" height=\"95\" src=\"https:\/\/www.cybi.fr\/wp-content\/uploads\/2025\/10\/UL_LOGO_BLANC_RVB.png\" alt=\"\" class=\"wp-image-1103\"\/><\/figure>\n<\/div>\n\n\n\n<div class=\"wp-block-uagb-container uagb-block-264b922f\">\n<figure class=\"wp-block-image aligncenter size-full\"><img loading=\"lazy\" decoding=\"async\" width=\"237\" height=\"85\" src=\"https:\/\/www.cybi.fr\/wp-content\/uploads\/2025\/10\/LOGO-IL_NOIR.png\" alt=\"\" class=\"wp-image-1100\"\/><\/figure>\n<\/div>\n\n\n\n<div class=\"wp-block-uagb-container uagb-block-fa045445\">\n<figure class=\"wp-block-image aligncenter size-full\"><img loading=\"lazy\" decoding=\"async\" width=\"273\" height=\"58\" src=\"https:\/\/www.cybi.fr\/wp-content\/uploads\/2025\/10\/outscale.png\" alt=\"\" class=\"wp-image-1099\"\/><\/figure>\n<\/div>\n\n\n\n<div class=\"wp-block-uagb-container uagb-layout-flex uagb-block-725103a9\">\n<figure class=\"wp-block-image aligncenter size-full\"><img loading=\"lazy\" decoding=\"async\" width=\"456\" height=\"114\" src=\"https:\/\/www.cybi.fr\/wp-content\/uploads\/2025\/10\/logo-hexatrust-1.png\" alt=\"\" class=\"wp-image-1108\" srcset=\"https:\/\/www.cybi.fr\/wp-content\/uploads\/2025\/10\/logo-hexatrust-1.png 456w, https:\/\/www.cybi.fr\/wp-content\/uploads\/2025\/10\/logo-hexatrust-1-300x75.png 300w\" sizes=\"auto, (max-width: 456px) 100vw, 456px\" \/><\/figure>\n<\/div>\n\n\n\n<div class=\"wp-block-uagb-container uagb-layout-flex uagb-block-58813dc4\">\n<figure class=\"wp-block-image aligncenter size-full\"><img loading=\"lazy\" decoding=\"async\" width=\"226\" height=\"76\" src=\"https:\/\/www.cybi.fr\/wp-content\/uploads\/2025\/10\/LOGO_Horizontal_Noir_0-1.png\" alt=\"\" class=\"wp-image-1106\"\/><\/figure>\n<\/div>\n\n\n\n<div class=\"wp-block-uagb-container uagb-layout-flex uagb-block-f89793d7\">\n<figure class=\"wp-block-image aligncenter size-full\"><img loading=\"lazy\" decoding=\"async\" width=\"309\" height=\"122\" src=\"https:\/\/www.cybi.fr\/wp-content\/uploads\/2025\/10\/LogoBpifrance_blanc.png\" alt=\"\" class=\"wp-image-1096\" srcset=\"https:\/\/www.cybi.fr\/wp-content\/uploads\/2025\/10\/LogoBpifrance_blanc.png 309w, https:\/\/www.cybi.fr\/wp-content\/uploads\/2025\/10\/LogoBpifrance_blanc-300x118.png 300w\" sizes=\"auto, (max-width: 309px) 100vw, 309px\" \/><\/figure>\n<\/div>\n<\/div><\/div>\n\n\n\n<p><\/p>\n","protected":false},"excerpt":{"rendered":"<p>\u00c0 propos Qui sommes-nous ? Cybi, c\u2019est avant tout l\u2019histoire d\u2019une passion partag\u00e9e pour la cybers\u00e9curit\u00e9 et l\u2019innovation technologique. Fond\u00e9e par un collectif d\u2019experts et de chercheurs du LORIA ainsi que de l\u2019INRIA, la soci\u00e9t\u00e9 se positionne aujourd\u2019hui comme un acteur incontournable de la protection des syst\u00e8mes d\u2019information, en alliant excellence technique et accessibilit\u00e9. Cybi [&hellip;]<\/p>\n","protected":false},"author":1,"featured_media":0,"parent":0,"menu_order":0,"comment_status":"closed","ping_status":"closed","template":"","meta":{"_uag_custom_page_level_css":"","footnotes":""},"class_list":["post-15","page","type-page","status-publish","hentry"],"blocksy_meta":{"styles_descriptor":{"styles":{"desktop":"","tablet":"","mobile":""},"google_fonts":[],"version":6}},"yoast_head":"<!-- This site is optimized with the Yoast SEO plugin v27.4 - https:\/\/yoast.com\/product\/yoast-seo-wordpress\/ -->\n<title>A propos de - Cybi - Solutions innovantes de Cybers\u00e9curit\u00e9 bas\u00e9es sur de l&#039;intelligence artificielle et de l&#039;apprentissage automatique<\/title>\n<meta name=\"description\" content=\"A propos de - Cybi - Solutions innovantes de Cybers\u00e9curit\u00e9 bas\u00e9es sur de l&#039;intelligence artificielle et de l&#039;apprentissage automatique cybersecurite cybersecurity scuba chemin attaque Attack Path Management intrusion\" \/>\n<meta name=\"robots\" content=\"index, follow, max-snippet:-1, max-image-preview:large, max-video-preview:-1\" \/>\n<link rel=\"canonical\" href=\"https:\/\/www.cybi.fr\/index.php\/a-propos-de\/\" \/>\n<meta property=\"og:locale\" content=\"fr_FR\" \/>\n<meta property=\"og:type\" content=\"article\" \/>\n<meta property=\"og:title\" content=\"A propos de - Cybi - Solutions innovantes de Cybers\u00e9curit\u00e9 bas\u00e9es sur de l&#039;intelligence artificielle et de l&#039;apprentissage automatique\" \/>\n<meta property=\"og:description\" content=\"A propos de - Cybi - Solutions innovantes de Cybers\u00e9curit\u00e9 bas\u00e9es sur de l&#039;intelligence artificielle et de l&#039;apprentissage automatique cybersecurite cybersecurity scuba chemin attaque Attack Path Management intrusion\" \/>\n<meta property=\"og:url\" content=\"https:\/\/www.cybi.fr\/index.php\/a-propos-de\/\" \/>\n<meta property=\"og:site_name\" content=\"Cybi - Solutions innovantes de Cybers\u00e9curit\u00e9 bas\u00e9es sur de l&#039;intelligence artificielle et de l&#039;apprentissage automatique\" \/>\n<meta property=\"article:modified_time\" content=\"2025-10-23T09:36:27+00:00\" \/>\n<meta property=\"og:image\" content=\"https:\/\/www.cybi.fr\/wp-content\/uploads\/2025\/03\/Overlay-2.png\" \/>\n<meta name=\"twitter:card\" content=\"summary_large_image\" \/>\n<meta name=\"twitter:site\" content=\"@CYBI_CYBER\" \/>\n<meta name=\"twitter:label1\" content=\"Dur\u00e9e de lecture estim\u00e9e\" \/>\n\t<meta name=\"twitter:data1\" content=\"3 minutes\" \/>\n<script type=\"application\/ld+json\" class=\"yoast-schema-graph\">{\"@context\":\"https:\\\/\\\/schema.org\",\"@graph\":[{\"@type\":\"WebPage\",\"@id\":\"https:\\\/\\\/www.cybi.fr\\\/index.php\\\/a-propos-de\\\/\",\"url\":\"https:\\\/\\\/www.cybi.fr\\\/index.php\\\/a-propos-de\\\/\",\"name\":\"A propos de - Cybi - Solutions innovantes de Cybers\u00e9curit\u00e9 bas\u00e9es sur de l&#039;intelligence artificielle et de l&#039;apprentissage automatique\",\"isPartOf\":{\"@id\":\"https:\\\/\\\/www.cybi.fr\\\/#website\"},\"primaryImageOfPage\":{\"@id\":\"https:\\\/\\\/www.cybi.fr\\\/index.php\\\/a-propos-de\\\/#primaryimage\"},\"image\":{\"@id\":\"https:\\\/\\\/www.cybi.fr\\\/index.php\\\/a-propos-de\\\/#primaryimage\"},\"thumbnailUrl\":\"https:\\\/\\\/www.cybi.fr\\\/wp-content\\\/uploads\\\/2025\\\/03\\\/Overlay-2.png\",\"datePublished\":\"2021-09-02T20:54:23+00:00\",\"dateModified\":\"2025-10-23T09:36:27+00:00\",\"description\":\"A propos de - Cybi - Solutions innovantes de Cybers\u00e9curit\u00e9 bas\u00e9es sur de l&#039;intelligence artificielle et de l&#039;apprentissage automatique cybersecurite cybersecurity scuba chemin attaque Attack Path Management intrusion\",\"breadcrumb\":{\"@id\":\"https:\\\/\\\/www.cybi.fr\\\/index.php\\\/a-propos-de\\\/#breadcrumb\"},\"inLanguage\":\"fr-FR\",\"potentialAction\":[{\"@type\":\"ReadAction\",\"target\":[\"https:\\\/\\\/www.cybi.fr\\\/index.php\\\/a-propos-de\\\/\"]}]},{\"@type\":\"ImageObject\",\"inLanguage\":\"fr-FR\",\"@id\":\"https:\\\/\\\/www.cybi.fr\\\/index.php\\\/a-propos-de\\\/#primaryimage\",\"url\":\"https:\\\/\\\/www.cybi.fr\\\/wp-content\\\/uploads\\\/2025\\\/03\\\/Overlay-2.png\",\"contentUrl\":\"https:\\\/\\\/www.cybi.fr\\\/wp-content\\\/uploads\\\/2025\\\/03\\\/Overlay-2.png\",\"width\":569,\"height\":400},{\"@type\":\"BreadcrumbList\",\"@id\":\"https:\\\/\\\/www.cybi.fr\\\/index.php\\\/a-propos-de\\\/#breadcrumb\",\"itemListElement\":[{\"@type\":\"ListItem\",\"position\":1,\"name\":\"Accueil\",\"item\":\"https:\\\/\\\/www.cybi.fr\\\/\"},{\"@type\":\"ListItem\",\"position\":2,\"name\":\"A propos de\"}]},{\"@type\":\"WebSite\",\"@id\":\"https:\\\/\\\/www.cybi.fr\\\/#website\",\"url\":\"https:\\\/\\\/www.cybi.fr\\\/\",\"name\":\"Cybi - Solutions innovantes de Cybers\u00e9curit\u00e9 bas\u00e9es sur de l&#039;intelligence artificielle et de l&#039;apprentissage automatique\",\"description\":\"Cybi - Cybersecurity Intelligence\",\"publisher\":{\"@id\":\"https:\\\/\\\/www.cybi.fr\\\/#organization\"},\"potentialAction\":[{\"@type\":\"SearchAction\",\"target\":{\"@type\":\"EntryPoint\",\"urlTemplate\":\"https:\\\/\\\/www.cybi.fr\\\/?s={search_term_string}\"},\"query-input\":{\"@type\":\"PropertyValueSpecification\",\"valueRequired\":true,\"valueName\":\"search_term_string\"}}],\"inLanguage\":\"fr-FR\"},{\"@type\":\"Organization\",\"@id\":\"https:\\\/\\\/www.cybi.fr\\\/#organization\",\"name\":\"Cybi\",\"url\":\"https:\\\/\\\/www.cybi.fr\\\/\",\"logo\":{\"@type\":\"ImageObject\",\"inLanguage\":\"fr-FR\",\"@id\":\"https:\\\/\\\/www.cybi.fr\\\/#\\\/schema\\\/logo\\\/image\\\/\",\"url\":\"https:\\\/\\\/www.cybi.fr\\\/wp-content\\\/uploads\\\/2022\\\/05\\\/Standard-2.png\",\"contentUrl\":\"https:\\\/\\\/www.cybi.fr\\\/wp-content\\\/uploads\\\/2022\\\/05\\\/Standard-2.png\",\"width\":2852,\"height\":1075,\"caption\":\"Cybi\"},\"image\":{\"@id\":\"https:\\\/\\\/www.cybi.fr\\\/#\\\/schema\\\/logo\\\/image\\\/\"},\"sameAs\":[\"https:\\\/\\\/x.com\\\/CYBI_CYBER\",\"https:\\\/\\\/www.linkedin.com\\\/company\\\/cybi\\\/\"]}]}<\/script>\n<!-- \/ Yoast SEO plugin. -->","yoast_head_json":{"title":"A propos de - Cybi - Solutions innovantes de Cybers\u00e9curit\u00e9 bas\u00e9es sur de l&#039;intelligence artificielle et de l&#039;apprentissage automatique","description":"A propos de - Cybi - Solutions innovantes de Cybers\u00e9curit\u00e9 bas\u00e9es sur de l&#039;intelligence artificielle et de l&#039;apprentissage automatique cybersecurite cybersecurity scuba chemin attaque Attack Path Management intrusion","robots":{"index":"index","follow":"follow","max-snippet":"max-snippet:-1","max-image-preview":"max-image-preview:large","max-video-preview":"max-video-preview:-1"},"canonical":"https:\/\/www.cybi.fr\/index.php\/a-propos-de\/","og_locale":"fr_FR","og_type":"article","og_title":"A propos de - Cybi - Solutions innovantes de Cybers\u00e9curit\u00e9 bas\u00e9es sur de l&#039;intelligence artificielle et de l&#039;apprentissage automatique","og_description":"A propos de - Cybi - Solutions innovantes de Cybers\u00e9curit\u00e9 bas\u00e9es sur de l&#039;intelligence artificielle et de l&#039;apprentissage automatique cybersecurite cybersecurity scuba chemin attaque Attack Path Management intrusion","og_url":"https:\/\/www.cybi.fr\/index.php\/a-propos-de\/","og_site_name":"Cybi - Solutions innovantes de Cybers\u00e9curit\u00e9 bas\u00e9es sur de l&#039;intelligence artificielle et de l&#039;apprentissage automatique","article_modified_time":"2025-10-23T09:36:27+00:00","og_image":[{"url":"https:\/\/www.cybi.fr\/wp-content\/uploads\/2025\/03\/Overlay-2.png","type":"","width":"","height":""}],"twitter_card":"summary_large_image","twitter_site":"@CYBI_CYBER","twitter_misc":{"Dur\u00e9e de lecture estim\u00e9e":"3 minutes"},"schema":{"@context":"https:\/\/schema.org","@graph":[{"@type":"WebPage","@id":"https:\/\/www.cybi.fr\/index.php\/a-propos-de\/","url":"https:\/\/www.cybi.fr\/index.php\/a-propos-de\/","name":"A propos de - Cybi - Solutions innovantes de Cybers\u00e9curit\u00e9 bas\u00e9es sur de l&#039;intelligence artificielle et de l&#039;apprentissage automatique","isPartOf":{"@id":"https:\/\/www.cybi.fr\/#website"},"primaryImageOfPage":{"@id":"https:\/\/www.cybi.fr\/index.php\/a-propos-de\/#primaryimage"},"image":{"@id":"https:\/\/www.cybi.fr\/index.php\/a-propos-de\/#primaryimage"},"thumbnailUrl":"https:\/\/www.cybi.fr\/wp-content\/uploads\/2025\/03\/Overlay-2.png","datePublished":"2021-09-02T20:54:23+00:00","dateModified":"2025-10-23T09:36:27+00:00","description":"A propos de - Cybi - Solutions innovantes de Cybers\u00e9curit\u00e9 bas\u00e9es sur de l&#039;intelligence artificielle et de l&#039;apprentissage automatique cybersecurite cybersecurity scuba chemin attaque Attack Path Management intrusion","breadcrumb":{"@id":"https:\/\/www.cybi.fr\/index.php\/a-propos-de\/#breadcrumb"},"inLanguage":"fr-FR","potentialAction":[{"@type":"ReadAction","target":["https:\/\/www.cybi.fr\/index.php\/a-propos-de\/"]}]},{"@type":"ImageObject","inLanguage":"fr-FR","@id":"https:\/\/www.cybi.fr\/index.php\/a-propos-de\/#primaryimage","url":"https:\/\/www.cybi.fr\/wp-content\/uploads\/2025\/03\/Overlay-2.png","contentUrl":"https:\/\/www.cybi.fr\/wp-content\/uploads\/2025\/03\/Overlay-2.png","width":569,"height":400},{"@type":"BreadcrumbList","@id":"https:\/\/www.cybi.fr\/index.php\/a-propos-de\/#breadcrumb","itemListElement":[{"@type":"ListItem","position":1,"name":"Accueil","item":"https:\/\/www.cybi.fr\/"},{"@type":"ListItem","position":2,"name":"A propos de"}]},{"@type":"WebSite","@id":"https:\/\/www.cybi.fr\/#website","url":"https:\/\/www.cybi.fr\/","name":"Cybi - Solutions innovantes de Cybers\u00e9curit\u00e9 bas\u00e9es sur de l&#039;intelligence artificielle et de l&#039;apprentissage automatique","description":"Cybi - Cybersecurity Intelligence","publisher":{"@id":"https:\/\/www.cybi.fr\/#organization"},"potentialAction":[{"@type":"SearchAction","target":{"@type":"EntryPoint","urlTemplate":"https:\/\/www.cybi.fr\/?s={search_term_string}"},"query-input":{"@type":"PropertyValueSpecification","valueRequired":true,"valueName":"search_term_string"}}],"inLanguage":"fr-FR"},{"@type":"Organization","@id":"https:\/\/www.cybi.fr\/#organization","name":"Cybi","url":"https:\/\/www.cybi.fr\/","logo":{"@type":"ImageObject","inLanguage":"fr-FR","@id":"https:\/\/www.cybi.fr\/#\/schema\/logo\/image\/","url":"https:\/\/www.cybi.fr\/wp-content\/uploads\/2022\/05\/Standard-2.png","contentUrl":"https:\/\/www.cybi.fr\/wp-content\/uploads\/2022\/05\/Standard-2.png","width":2852,"height":1075,"caption":"Cybi"},"image":{"@id":"https:\/\/www.cybi.fr\/#\/schema\/logo\/image\/"},"sameAs":["https:\/\/x.com\/CYBI_CYBER","https:\/\/www.linkedin.com\/company\/cybi\/"]}]}},"uagb_featured_image_src":{"full":false,"thumbnail":false,"medium":false,"medium_large":false,"large":false,"1536x1536":false,"2048x2048":false},"uagb_author_info":{"display_name":"Webmaster","author_link":"https:\/\/www.cybi.fr\/index.php\/author\/admin9517\/"},"uagb_comment_info":0,"uagb_excerpt":"\u00c0 propos Qui sommes-nous ? Cybi, c\u2019est avant tout l\u2019histoire d\u2019une passion partag\u00e9e pour la cybers\u00e9curit\u00e9 et l\u2019innovation technologique. Fond\u00e9e par un collectif d\u2019experts et de chercheurs du LORIA ainsi que de l\u2019INRIA, la soci\u00e9t\u00e9 se positionne aujourd\u2019hui comme un acteur incontournable de la protection des syst\u00e8mes d\u2019information, en alliant excellence technique et accessibilit\u00e9. Cybi\u2026","jetpack_sharing_enabled":true,"_links":{"self":[{"href":"https:\/\/www.cybi.fr\/index.php\/wp-json\/wp\/v2\/pages\/15","targetHints":{"allow":["GET"]}}],"collection":[{"href":"https:\/\/www.cybi.fr\/index.php\/wp-json\/wp\/v2\/pages"}],"about":[{"href":"https:\/\/www.cybi.fr\/index.php\/wp-json\/wp\/v2\/types\/page"}],"author":[{"embeddable":true,"href":"https:\/\/www.cybi.fr\/index.php\/wp-json\/wp\/v2\/users\/1"}],"replies":[{"embeddable":true,"href":"https:\/\/www.cybi.fr\/index.php\/wp-json\/wp\/v2\/comments?post=15"}],"version-history":[{"count":21,"href":"https:\/\/www.cybi.fr\/index.php\/wp-json\/wp\/v2\/pages\/15\/revisions"}],"predecessor-version":[{"id":1109,"href":"https:\/\/www.cybi.fr\/index.php\/wp-json\/wp\/v2\/pages\/15\/revisions\/1109"}],"wp:attachment":[{"href":"https:\/\/www.cybi.fr\/index.php\/wp-json\/wp\/v2\/media?parent=15"}],"curies":[{"name":"wp","href":"https:\/\/api.w.org\/{rel}","templated":true}]}}