{"id":224,"date":"2022-05-19T15:03:01","date_gmt":"2022-05-19T13:03:01","guid":{"rendered":"https:\/\/www.cybi.fr\/?page_id=224"},"modified":"2025-03-28T15:00:58","modified_gmt":"2025-03-28T14:00:58","slug":"mentions-legales","status":"publish","type":"page","link":"https:\/\/www.cybi.fr\/index.php\/mentions-legales\/","title":{"rendered":"Mentions l\u00e9gales"},"content":{"rendered":"\n<p class=\"has-text-color has-link-color wp-elements-f3cb9bc82c6b0509ff10e7a130e5f171\" style=\"color:#ffffff99\">Conform\u00e9ment aux dispositions des Articles 6-III et 19 de la Loi n\u00b02004-575 du 21 juin 2004 pour la Confiance dans l\u2019\u00e9conomie num\u00e9rique, dite L.C.E.N., il est port\u00e9 \u00e0 la connaissance des utilisateurs et visiteurs, ci-apr\u00e8s l\u00a0\u00bb\u00a0\u00bbUtilisateur\u00a0\u00bb, du site https :\/\/www.cybi.fr , ci-apr\u00e8s le \u00ab\u00a0Site\u00a0\u00bb, les pr\u00e9sentes mentions l\u00e9gales.<br><br>La connexion et la navigation sur le Site par l\u2019Utilisateur implique acceptation int\u00e9grale et sans r\u00e9serve des pr\u00e9sentes mentions l\u00e9gales.<br><br>Ces derni\u00e8res sont accessibles sur le Site \u00e0 la rubrique \u00ab Mentions l\u00e9gales \u00bb.<\/p>\n\n\n\n<h2 class=\"wp-block-heading has-white-color has-text-color has-link-color wp-elements-179b8abaa9e408633ffbd4ea1281e97b\">Mentions l\u00e9gales<\/h2>\n\n\n\n<p class=\"has-text-color has-link-color wp-elements-64aad937c2ca8646b45306e26609ca64\" style=\"color:#ffffff99\"><strong>Cybi SAS<br><\/strong>Soci\u00e9t\u00e9 par actions simplifi\u00e9es au capital social de 150 000 \u20ac<br>Si\u00e8ge social : 615 rue du Jardin Botanique, Vand\u0153uvre-l\u00e8s-Nancy, 54506, France<br>Num\u00e9ro d&rsquo;immatriculation au RCS Nancy : 914 176 045<br>SIRET : 914 176 045 00013<br>TVA Intracommunautaire : FR05914176045<\/p>\n\n\n\n<p class=\"has-text-color has-link-color wp-elements-1ba9a1466706ddedea2dd4864e5ebbf7\" style=\"color:#ffffff99\">Directeur de la publication : Fabian OSMOND, ci-apr\u00e8s \u00ab\u00a0l\u2019\u00c9diteur\u00a0\u00bb.<br><br>Adresse de correspondance : Cybi 615 rue du Jardin Botanique, Vand\u0153uvre-l\u00e8s-Nancy, 54506, France<br>E-Mail : contact[@]cybi.<\/p>\n\n\n\n<p class=\"has-text-color has-link-color wp-elements-c9e3867994380e1c52eccc5266884683\" style=\"color:#ffffff99\"><strong>H\u00e9bergement du site internet www.cybi.fr<br><\/strong>L&rsquo;h\u00e9bergeur du Site est la soci\u00e9t\u00e9 OVH SAS.<br>OVH<br>2 rue kellermann <br>BP 80157 <br>59053 ROUBAIX CEDEX 1<br>RCS LILLE METROPOLE 424 761 419 00045 &#8211; Code APE 2620Z<br>N\u00b0TVA FR22424761419<br>T\u00e9l\u00e9phone : 0972101007<br><br>Prises de vues : collection priv\u00e9e<\/p>\n\n\n\n<p class=\"has-text-color has-link-color wp-elements-0c679bebef54ce3c2d0115661781dd09\" style=\"color:#ffffff99\"><strong>Reproduction sur support \u00e9lectronique<\/strong><br>La reproduction de tout ou partie de ce site sur un support \u00e9lectronique est autoris\u00e9e sous r\u00e9serve de l\u2019ajout de fa\u00e7on claire et lisible de la source Cybi &#8211; www.cybi.fr et de la mention \u00ab Droits r\u00e9serv\u00e9s \u00bb.<br>Les informations utilis\u00e9es ne doivent l\u2019\u00eatre qu\u2019\u00e0 des fins personnelles, associatives ou professionnelles ; toute utilisation \u00e0 des fins commerciales ou publicitaires est exclue.<br><br><strong>Acc\u00e8s au site<\/strong><br>Le Site est accessible en tout endroit, 7j\/7, 24h\/24 sauf cas de force majeure, interruption programm\u00e9e ou non et pouvant d\u00e9coulant d\u2019une n\u00e9cessit\u00e9 de Maintenance.<br>En cas de modification, interruption ou suspension du Site, l\u2019\u00c9diteur ne saurait \u00eatre tenu responsable.<\/p>\n\n\n\n<p class=\"has-text-color has-link-color wp-elements-a6a20044963fd931c388dd4f392356d8\" style=\"color:#ffffff99\"><strong>Etablissement de liens<br><\/strong>Tout site public ou priv\u00e9 (\u00e0 l&rsquo;exception des sites diffusant des informations \u00e0 caract\u00e8re pol\u00e9mique, pornographique, x\u00e9nophobe ou pouvant, dans une plus large mesure porter atteinte \u00e0 la sensibilit\u00e9 du plus grand nombre) est autoris\u00e9 \u00e0 \u00e9tablir, sans autorisation pr\u00e9alable, un lien vers la page d\u2019accueil ou directement vers les informations diffus\u00e9es par le site de Cybi.<br>Les informations utilis\u00e9es ne doivent l\u2019\u00eatre qu\u2019\u00e0 des fins personnelles, associatives ou professionnelles ; toute utilisation \u00e0 des fins commerciales ou publicitaires est exclue.<br>En aucun cas les pages du site www.cybi.fr ne doivent se retrouver imbriqu\u00e9es \u00e0 l&rsquo;int\u00e9rieur des pages d&rsquo;un autre site. Tout doit \u00eatre fait pour indiquer clairement \u00e0 l\u2019internaute qu\u2019il se trouve sur le site de Cybi et lui permettre d\u2019y naviguer librement.<\/p>\n\n\n\n<p class=\"has-text-color has-link-color wp-elements-b84ef620cf1eb25b68e4e4833669c8fe\" style=\"color:#ffffff99\"><strong>Confidentialit\u00e9 et protection des donn\u00e9es personnelles<\/strong><br>Conform\u00e9ment \u00e0 la loi informatique et libert\u00e9s N\u00b0 78-17 du 6 janvier 1978, vous pouvez \u00e0 tout moment modifier ou supprimer les renseignements li\u00e9s \u00e0 votre inscription. <br>Ces informations vous concernant \u00e9tant confidentielles, Cybi accorde une attention toute particuli\u00e8re \u00e0 leur protection.<br>Vous disposez d\u2019un droit d\u2019acc\u00e8s, de modification, de rectification et de suppression des donn\u00e9es qui vous concernent (art. 34 de la loi \u00ab Informatique et Libert\u00e9s \u00bb). Vous pouvez exercer ce droit en nous contactant :<br><em>Cybi &#8211; 615 rue du Jardin Botanique 54506 Vand\u0153uvre-l\u00e8s-Nancy &#8211; France<br><\/em>Contact par e-mail : dpo[@]cybi.fr<br><\/p>\n","protected":false},"excerpt":{"rendered":"<p>Conform\u00e9ment aux dispositions des Articles 6-III et 19 de la Loi n\u00b02004-575 du 21 juin 2004 pour la Confiance dans l\u2019\u00e9conomie num\u00e9rique, dite L.C.E.N., il est port\u00e9 \u00e0 la connaissance des utilisateurs et visiteurs, ci-apr\u00e8s l\u00a0\u00bb\u00a0\u00bbUtilisateur\u00a0\u00bb, du site https :\/\/www.cybi.fr , ci-apr\u00e8s le \u00ab\u00a0Site\u00a0\u00bb, les pr\u00e9sentes mentions l\u00e9gales. La connexion et la navigation sur le [&hellip;]<\/p>\n","protected":false},"author":1,"featured_media":0,"parent":0,"menu_order":0,"comment_status":"closed","ping_status":"closed","template":"","meta":{"_uag_custom_page_level_css":"","footnotes":""},"class_list":["post-224","page","type-page","status-publish","hentry"],"blocksy_meta":{"styles_descriptor":{"styles":{"desktop":"","tablet":"","mobile":""},"google_fonts":[],"version":6}},"yoast_head":"<!-- This site is optimized with the Yoast SEO plugin v27.4 - https:\/\/yoast.com\/product\/yoast-seo-wordpress\/ -->\n<title>Mentions l\u00e9gales - Cybi - Solutions innovantes de Cybers\u00e9curit\u00e9 bas\u00e9es sur de l&#039;intelligence artificielle et de l&#039;apprentissage automatique<\/title>\n<meta name=\"description\" content=\"Mentions l\u00e9gales - Cybi - Solutions innovantes de Cybers\u00e9curit\u00e9 bas\u00e9es sur de l&#039;intelligence artificielle et de l&#039;apprentissage automatique cybersecurite cybersecurity scuba chemin attaque Attack Path Management intrusion\" \/>\n<meta name=\"robots\" content=\"index, follow, max-snippet:-1, max-image-preview:large, max-video-preview:-1\" \/>\n<link rel=\"canonical\" href=\"https:\/\/www.cybi.fr\/index.php\/mentions-legales\/\" \/>\n<meta property=\"og:locale\" content=\"fr_FR\" \/>\n<meta property=\"og:type\" content=\"article\" \/>\n<meta property=\"og:title\" content=\"Mentions l\u00e9gales - Cybi - Solutions innovantes de Cybers\u00e9curit\u00e9 bas\u00e9es sur de l&#039;intelligence artificielle et de l&#039;apprentissage automatique\" \/>\n<meta property=\"og:description\" content=\"Mentions l\u00e9gales - Cybi - Solutions innovantes de Cybers\u00e9curit\u00e9 bas\u00e9es sur de l&#039;intelligence artificielle et de l&#039;apprentissage automatique cybersecurite cybersecurity scuba chemin attaque Attack Path Management intrusion\" \/>\n<meta property=\"og:url\" content=\"https:\/\/www.cybi.fr\/index.php\/mentions-legales\/\" \/>\n<meta property=\"og:site_name\" content=\"Cybi - Solutions innovantes de Cybers\u00e9curit\u00e9 bas\u00e9es sur de l&#039;intelligence artificielle et de l&#039;apprentissage automatique\" \/>\n<meta property=\"article:modified_time\" content=\"2025-03-28T14:00:58+00:00\" \/>\n<meta name=\"twitter:card\" content=\"summary_large_image\" \/>\n<meta name=\"twitter:site\" content=\"@CYBI_CYBER\" \/>\n<meta name=\"twitter:label1\" content=\"Dur\u00e9e de lecture estim\u00e9e\" \/>\n\t<meta name=\"twitter:data1\" content=\"3 minutes\" \/>\n<script type=\"application\/ld+json\" class=\"yoast-schema-graph\">{\"@context\":\"https:\\\/\\\/schema.org\",\"@graph\":[{\"@type\":\"WebPage\",\"@id\":\"https:\\\/\\\/www.cybi.fr\\\/index.php\\\/mentions-legales\\\/\",\"url\":\"https:\\\/\\\/www.cybi.fr\\\/index.php\\\/mentions-legales\\\/\",\"name\":\"Mentions l\u00e9gales - Cybi - Solutions innovantes de Cybers\u00e9curit\u00e9 bas\u00e9es sur de l&#039;intelligence artificielle et de l&#039;apprentissage automatique\",\"isPartOf\":{\"@id\":\"https:\\\/\\\/www.cybi.fr\\\/#website\"},\"datePublished\":\"2022-05-19T13:03:01+00:00\",\"dateModified\":\"2025-03-28T14:00:58+00:00\",\"description\":\"Mentions l\u00e9gales - Cybi - Solutions innovantes de Cybers\u00e9curit\u00e9 bas\u00e9es sur de l&#039;intelligence artificielle et de l&#039;apprentissage automatique cybersecurite cybersecurity scuba chemin attaque Attack Path Management intrusion\",\"breadcrumb\":{\"@id\":\"https:\\\/\\\/www.cybi.fr\\\/index.php\\\/mentions-legales\\\/#breadcrumb\"},\"inLanguage\":\"fr-FR\",\"potentialAction\":[{\"@type\":\"ReadAction\",\"target\":[\"https:\\\/\\\/www.cybi.fr\\\/index.php\\\/mentions-legales\\\/\"]}]},{\"@type\":\"BreadcrumbList\",\"@id\":\"https:\\\/\\\/www.cybi.fr\\\/index.php\\\/mentions-legales\\\/#breadcrumb\",\"itemListElement\":[{\"@type\":\"ListItem\",\"position\":1,\"name\":\"Accueil\",\"item\":\"https:\\\/\\\/www.cybi.fr\\\/\"},{\"@type\":\"ListItem\",\"position\":2,\"name\":\"Mentions l\u00e9gales\"}]},{\"@type\":\"WebSite\",\"@id\":\"https:\\\/\\\/www.cybi.fr\\\/#website\",\"url\":\"https:\\\/\\\/www.cybi.fr\\\/\",\"name\":\"Cybi - Solutions innovantes de Cybers\u00e9curit\u00e9 bas\u00e9es sur de l&#039;intelligence artificielle et de l&#039;apprentissage automatique\",\"description\":\"Cybi - Cybersecurity Intelligence\",\"publisher\":{\"@id\":\"https:\\\/\\\/www.cybi.fr\\\/#organization\"},\"potentialAction\":[{\"@type\":\"SearchAction\",\"target\":{\"@type\":\"EntryPoint\",\"urlTemplate\":\"https:\\\/\\\/www.cybi.fr\\\/?s={search_term_string}\"},\"query-input\":{\"@type\":\"PropertyValueSpecification\",\"valueRequired\":true,\"valueName\":\"search_term_string\"}}],\"inLanguage\":\"fr-FR\"},{\"@type\":\"Organization\",\"@id\":\"https:\\\/\\\/www.cybi.fr\\\/#organization\",\"name\":\"Cybi\",\"url\":\"https:\\\/\\\/www.cybi.fr\\\/\",\"logo\":{\"@type\":\"ImageObject\",\"inLanguage\":\"fr-FR\",\"@id\":\"https:\\\/\\\/www.cybi.fr\\\/#\\\/schema\\\/logo\\\/image\\\/\",\"url\":\"https:\\\/\\\/www.cybi.fr\\\/wp-content\\\/uploads\\\/2022\\\/05\\\/Standard-2.png\",\"contentUrl\":\"https:\\\/\\\/www.cybi.fr\\\/wp-content\\\/uploads\\\/2022\\\/05\\\/Standard-2.png\",\"width\":2852,\"height\":1075,\"caption\":\"Cybi\"},\"image\":{\"@id\":\"https:\\\/\\\/www.cybi.fr\\\/#\\\/schema\\\/logo\\\/image\\\/\"},\"sameAs\":[\"https:\\\/\\\/x.com\\\/CYBI_CYBER\",\"https:\\\/\\\/www.linkedin.com\\\/company\\\/cybi\\\/\"]}]}<\/script>\n<!-- \/ Yoast SEO plugin. -->","yoast_head_json":{"title":"Mentions l\u00e9gales - Cybi - Solutions innovantes de Cybers\u00e9curit\u00e9 bas\u00e9es sur de l&#039;intelligence artificielle et de l&#039;apprentissage automatique","description":"Mentions l\u00e9gales - Cybi - Solutions innovantes de Cybers\u00e9curit\u00e9 bas\u00e9es sur de l&#039;intelligence artificielle et de l&#039;apprentissage automatique cybersecurite cybersecurity scuba chemin attaque Attack Path Management intrusion","robots":{"index":"index","follow":"follow","max-snippet":"max-snippet:-1","max-image-preview":"max-image-preview:large","max-video-preview":"max-video-preview:-1"},"canonical":"https:\/\/www.cybi.fr\/index.php\/mentions-legales\/","og_locale":"fr_FR","og_type":"article","og_title":"Mentions l\u00e9gales - Cybi - Solutions innovantes de Cybers\u00e9curit\u00e9 bas\u00e9es sur de l&#039;intelligence artificielle et de l&#039;apprentissage automatique","og_description":"Mentions l\u00e9gales - Cybi - Solutions innovantes de Cybers\u00e9curit\u00e9 bas\u00e9es sur de l&#039;intelligence artificielle et de l&#039;apprentissage automatique cybersecurite cybersecurity scuba chemin attaque Attack Path Management intrusion","og_url":"https:\/\/www.cybi.fr\/index.php\/mentions-legales\/","og_site_name":"Cybi - Solutions innovantes de Cybers\u00e9curit\u00e9 bas\u00e9es sur de l&#039;intelligence artificielle et de l&#039;apprentissage automatique","article_modified_time":"2025-03-28T14:00:58+00:00","twitter_card":"summary_large_image","twitter_site":"@CYBI_CYBER","twitter_misc":{"Dur\u00e9e de lecture estim\u00e9e":"3 minutes"},"schema":{"@context":"https:\/\/schema.org","@graph":[{"@type":"WebPage","@id":"https:\/\/www.cybi.fr\/index.php\/mentions-legales\/","url":"https:\/\/www.cybi.fr\/index.php\/mentions-legales\/","name":"Mentions l\u00e9gales - Cybi - Solutions innovantes de Cybers\u00e9curit\u00e9 bas\u00e9es sur de l&#039;intelligence artificielle et de l&#039;apprentissage automatique","isPartOf":{"@id":"https:\/\/www.cybi.fr\/#website"},"datePublished":"2022-05-19T13:03:01+00:00","dateModified":"2025-03-28T14:00:58+00:00","description":"Mentions l\u00e9gales - Cybi - Solutions innovantes de Cybers\u00e9curit\u00e9 bas\u00e9es sur de l&#039;intelligence artificielle et de l&#039;apprentissage automatique cybersecurite cybersecurity scuba chemin attaque Attack Path Management intrusion","breadcrumb":{"@id":"https:\/\/www.cybi.fr\/index.php\/mentions-legales\/#breadcrumb"},"inLanguage":"fr-FR","potentialAction":[{"@type":"ReadAction","target":["https:\/\/www.cybi.fr\/index.php\/mentions-legales\/"]}]},{"@type":"BreadcrumbList","@id":"https:\/\/www.cybi.fr\/index.php\/mentions-legales\/#breadcrumb","itemListElement":[{"@type":"ListItem","position":1,"name":"Accueil","item":"https:\/\/www.cybi.fr\/"},{"@type":"ListItem","position":2,"name":"Mentions l\u00e9gales"}]},{"@type":"WebSite","@id":"https:\/\/www.cybi.fr\/#website","url":"https:\/\/www.cybi.fr\/","name":"Cybi - Solutions innovantes de Cybers\u00e9curit\u00e9 bas\u00e9es sur de l&#039;intelligence artificielle et de l&#039;apprentissage automatique","description":"Cybi - Cybersecurity Intelligence","publisher":{"@id":"https:\/\/www.cybi.fr\/#organization"},"potentialAction":[{"@type":"SearchAction","target":{"@type":"EntryPoint","urlTemplate":"https:\/\/www.cybi.fr\/?s={search_term_string}"},"query-input":{"@type":"PropertyValueSpecification","valueRequired":true,"valueName":"search_term_string"}}],"inLanguage":"fr-FR"},{"@type":"Organization","@id":"https:\/\/www.cybi.fr\/#organization","name":"Cybi","url":"https:\/\/www.cybi.fr\/","logo":{"@type":"ImageObject","inLanguage":"fr-FR","@id":"https:\/\/www.cybi.fr\/#\/schema\/logo\/image\/","url":"https:\/\/www.cybi.fr\/wp-content\/uploads\/2022\/05\/Standard-2.png","contentUrl":"https:\/\/www.cybi.fr\/wp-content\/uploads\/2022\/05\/Standard-2.png","width":2852,"height":1075,"caption":"Cybi"},"image":{"@id":"https:\/\/www.cybi.fr\/#\/schema\/logo\/image\/"},"sameAs":["https:\/\/x.com\/CYBI_CYBER","https:\/\/www.linkedin.com\/company\/cybi\/"]}]}},"uagb_featured_image_src":{"full":false,"thumbnail":false,"medium":false,"medium_large":false,"large":false,"1536x1536":false,"2048x2048":false},"uagb_author_info":{"display_name":"Webmaster","author_link":"https:\/\/www.cybi.fr\/index.php\/author\/admin9517\/"},"uagb_comment_info":0,"uagb_excerpt":"Conform\u00e9ment aux dispositions des Articles 6-III et 19 de la Loi n\u00b02004-575 du 21 juin 2004 pour la Confiance dans l\u2019\u00e9conomie num\u00e9rique, dite L.C.E.N., il est port\u00e9 \u00e0 la connaissance des utilisateurs et visiteurs, ci-apr\u00e8s l\u00a0\u00bb\u00a0\u00bbUtilisateur\u00a0\u00bb, du site https :\/\/www.cybi.fr , ci-apr\u00e8s le \u00ab\u00a0Site\u00a0\u00bb, les pr\u00e9sentes mentions l\u00e9gales. La connexion et la navigation sur le\u2026","jetpack_sharing_enabled":true,"_links":{"self":[{"href":"https:\/\/www.cybi.fr\/index.php\/wp-json\/wp\/v2\/pages\/224","targetHints":{"allow":["GET"]}}],"collection":[{"href":"https:\/\/www.cybi.fr\/index.php\/wp-json\/wp\/v2\/pages"}],"about":[{"href":"https:\/\/www.cybi.fr\/index.php\/wp-json\/wp\/v2\/types\/page"}],"author":[{"embeddable":true,"href":"https:\/\/www.cybi.fr\/index.php\/wp-json\/wp\/v2\/users\/1"}],"replies":[{"embeddable":true,"href":"https:\/\/www.cybi.fr\/index.php\/wp-json\/wp\/v2\/comments?post=224"}],"version-history":[{"count":12,"href":"https:\/\/www.cybi.fr\/index.php\/wp-json\/wp\/v2\/pages\/224\/revisions"}],"predecessor-version":[{"id":760,"href":"https:\/\/www.cybi.fr\/index.php\/wp-json\/wp\/v2\/pages\/224\/revisions\/760"}],"wp:attachment":[{"href":"https:\/\/www.cybi.fr\/index.php\/wp-json\/wp\/v2\/media?parent=224"}],"curies":[{"name":"wp","href":"https:\/\/api.w.org\/{rel}","templated":true}]}}