{"id":801,"date":"2025-03-28T14:31:34","date_gmt":"2025-03-28T13:31:34","guid":{"rendered":"https:\/\/www.cybi.fr\/?page_id=801"},"modified":"2025-03-28T15:57:11","modified_gmt":"2025-03-28T14:57:11","slug":"legal-notices","status":"publish","type":"page","link":"https:\/\/www.cybi.fr\/index.php\/en\/legal-notices\/","title":{"rendered":"Legal Notices"},"content":{"rendered":"\n<p class=\"has-text-color has-link-color wp-elements-2ab3167d799e2e1a61abd15e7b1325d7\" style=\"color:#ffffff99\">In accordance with the provisions of Articles 6-III and 19 of Law No. 2004-575 of June 21, 2004, on Confidence in the Digital Economy, known as the L.C.E.N., users and visitors (hereinafter the \u00ab\u00a0User\u00a0\u00bb) of the website https:\/\/www.cybi.fr, hereinafter the \u00ab\u00a0Site,\u00a0\u00bb are hereby informed of these legal notices.<\/p>\n\n\n\n<p class=\"has-text-color has-link-color wp-elements-afa6f3baf34179a9e205592deb553a3d\" style=\"color:#ffffff99\">Connecting to and browsing the Site by the User implies full and unreserved acceptance of these legal notices.<\/p>\n\n\n\n<p class=\"has-text-color has-link-color wp-elements-d35c9f360b2c900a48b6ef64e56e48e4\" style=\"color:#ffffff99\">These are accessible on the Site under the \u00ab\u00a0Legal Notices\u00a0\u00bb section.<\/p>\n\n\n\n<h2 class=\"wp-block-heading has-white-color has-text-color has-link-color wp-elements-071e7deeb7bd48012b07c8bb7a0df4b1\">Legal notices<\/h2>\n\n\n\n<p class=\"has-text-color has-link-color wp-elements-a209c6093c6a2f8694a471d8fea44c35\" style=\"color:#ffffff99\"><strong>Cybi SAS<\/strong><br>Simplified joint-stock company with a share capital of 150,000 \u20ac<br>Registered office: 615 rue du Jardin Botanique, Vand\u0153uvre-l\u00e8s-Nancy, 54506, France<br>Registration number with the Nancy Trade and Companies Register: 914 176 045<br>SIRET: 914 176 045 00013<br>Intra-Community VAT: FR05914176045<\/p>\n\n\n\n<p class=\"has-text-color has-link-color wp-elements-561d10d6049e9290ef559594e2f2d789\" style=\"color:#ffffff99\">Publication Director: Fabian OSMOND, hereinafter \u00ab\u00a0the Publisher\u00a0\u00bb.<\/p>\n\n\n\n<p class=\"has-text-color has-link-color wp-elements-082351a2ba27e728cb825bc769740717\" style=\"color:#ffffff99\">Correspondence address: Cybi, 615 rue du Jardin Botanique, Vand\u0153uvre-l\u00e8s-Nancy, 54506, France<br>Email: contact[@]cybi.<\/p>\n\n\n\n<p class=\"has-text-color has-link-color wp-elements-7f302abed02ceb686411203be1584096\" style=\"color:#ffffff99\"><strong>Website hosting:  www.cybi.fr<\/strong><br>The Website is hosted by OVH SAS. OVH<br>2 rue Kellermann<br>BP 80157<br>59053 ROUBAIX CEDEX 1<br>RCS LILLE METROPOLE 424 761 419 00045 &#8211; APE Code 2620Z<br>VAT No. FR22424761419<br>Telephone: 0972101007<\/p>\n\n\n\n<p class=\"has-text-color has-link-color wp-elements-df6aee6f0942b172f99a6406c84b6d43\" style=\"color:#ffffff99\">Photographs: private collection<\/p>\n\n\n\n<p class=\"has-text-color has-link-color wp-elements-9b248f2bf7e8010b4d5d683669928d42\" style=\"color:#ffffff99\"><strong>Reproduction on electronic media<\/strong><br>Reproduction of all or part of this site on electronic media is authorized, provided that the source Cybi &#8211; www.cybi.fr &#8211; is clearly and legibly identified and the \u00ab\u00a0All rights reserved\u00a0\u00bb statement is included.<br>The information used must only be for personal, associative, or professional purposes; any use for commercial or advertising purposes is prohibited.<\/p>\n\n\n\n<p class=\"has-text-color has-link-color wp-elements-46a354013efe091eb524f6a762279cd6\" style=\"color:#ffffff99\"><strong>Access to the Site<\/strong><br>The Site is accessible anywhere, 24\/7, except in cases of force majeure, scheduled or unscheduled interruptions, or those that may result from maintenance requirements.<br>The Publisher shall not be held liable in the event of<\/p>\n\n\n\n<p class=\"has-text-color has-link-color wp-elements-5ef80d845dfc39cf829a14797d0476ab\" style=\"color:#ffffff99\"><strong>Linking<\/strong><br>Any public or private website (with the exception of websites disseminating information of a controversial, pornographic, or xenophobic nature, or that may, to a greater extent, offend the sensibilities of the general public) is authorized to establish, without prior authorization, a link to the home page or directly to the information disseminated by the Cybi website.<br>The information used must only be for personal, associative, or professional purposes; any use for commercial or advertising purposes is prohibited.<br>Under no circumstances may the pages of the www.cybi.fr website be embedded within the pages of another website. Every effort must be made to clearly indicate to the user that they are on the Cybi website and allow them to navigate freely.<\/p>\n\n\n\n<p class=\"has-text-color has-link-color wp-elements-e291217c5003b574c02e60393e67456c\" style=\"color:#ffffff99\"><strong>Confidentiality and Protection of Personal Data<\/strong><br>In accordance with the French Data Protection Act No. 78-17 of January 6, 1978, you may modify or delete the information related to your registration at any time.<br>As this information is confidential, Cybi pays particular attention to its protection.<br>You have the right to access, modify, rectify, and delete your personal data (Article 34 of the French Data Protection Act). You can exercise this right <br>by contacting us:<br>Cybi &#8211; 615 rue du Jardin Botanique, 54506 Vand\u0153uvre-l\u00e8s-Nancy, France<br>Contact by email: dpo[@]cybi.fr<\/p>\n\n\n\n<p class=\"has-text-color has-link-color wp-elements-c1e2e4ff37fd121e613dc7e4c4d76cb4\" style=\"color:#ffffff99\"><br><\/p>\n","protected":false},"excerpt":{"rendered":"<p>In accordance with the provisions of Articles 6-III and 19 of Law No. 2004-575 of June 21, 2004, on Confidence in the Digital Economy, known as the L.C.E.N., users and visitors (hereinafter the \u00ab\u00a0User\u00a0\u00bb) of the website https:\/\/www.cybi.fr, hereinafter the \u00ab\u00a0Site,\u00a0\u00bb are hereby informed of these legal notices. Connecting to and browsing the Site by [&hellip;]<\/p>\n","protected":false},"author":1,"featured_media":0,"parent":0,"menu_order":0,"comment_status":"closed","ping_status":"closed","template":"","meta":{"_uag_custom_page_level_css":"","footnotes":""},"class_list":["post-801","page","type-page","status-publish","hentry"],"blocksy_meta":{"styles_descriptor":{"styles":{"desktop":"","tablet":"","mobile":""},"google_fonts":[],"version":6}},"yoast_head":"<!-- This site is optimized with the Yoast SEO plugin v27.4 - https:\/\/yoast.com\/product\/yoast-seo-wordpress\/ -->\n<title>Legal Notices - Cybi - Solutions innovantes de Cybers\u00e9curit\u00e9 bas\u00e9es sur de l&#039;intelligence artificielle et de l&#039;apprentissage automatique<\/title>\n<meta name=\"description\" content=\"Legal Notices - Cybi - Solutions innovantes de Cybers\u00e9curit\u00e9 bas\u00e9es sur de l&#039;intelligence artificielle et de l&#039;apprentissage automatique cybersecurite cybersecurity scuba chemin attaque Attack Path Management intrusion\" \/>\n<meta name=\"robots\" content=\"index, follow, max-snippet:-1, max-image-preview:large, max-video-preview:-1\" \/>\n<link rel=\"canonical\" href=\"https:\/\/www.cybi.fr\/index.php\/en\/legal-notices\/\" \/>\n<meta property=\"og:locale\" content=\"fr_FR\" \/>\n<meta property=\"og:type\" content=\"article\" \/>\n<meta property=\"og:title\" content=\"Legal Notices - Cybi - Solutions innovantes de Cybers\u00e9curit\u00e9 bas\u00e9es sur de l&#039;intelligence artificielle et de l&#039;apprentissage automatique\" \/>\n<meta property=\"og:description\" content=\"Legal Notices - Cybi - Solutions innovantes de Cybers\u00e9curit\u00e9 bas\u00e9es sur de l&#039;intelligence artificielle et de l&#039;apprentissage automatique cybersecurite cybersecurity scuba chemin attaque Attack Path Management intrusion\" \/>\n<meta property=\"og:url\" content=\"https:\/\/www.cybi.fr\/index.php\/en\/legal-notices\/\" \/>\n<meta property=\"og:site_name\" content=\"Cybi - Solutions innovantes de Cybers\u00e9curit\u00e9 bas\u00e9es sur de l&#039;intelligence artificielle et de l&#039;apprentissage automatique\" \/>\n<meta property=\"article:modified_time\" content=\"2025-03-28T14:57:11+00:00\" \/>\n<meta name=\"twitter:card\" content=\"summary_large_image\" \/>\n<meta name=\"twitter:site\" content=\"@CYBI_CYBER\" \/>\n<meta name=\"twitter:label1\" content=\"Dur\u00e9e de lecture estim\u00e9e\" \/>\n\t<meta name=\"twitter:data1\" content=\"3 minutes\" \/>\n<script type=\"application\/ld+json\" class=\"yoast-schema-graph\">{\"@context\":\"https:\\\/\\\/schema.org\",\"@graph\":[{\"@type\":\"WebPage\",\"@id\":\"https:\\\/\\\/www.cybi.fr\\\/index.php\\\/en\\\/legal-notices\\\/\",\"url\":\"https:\\\/\\\/www.cybi.fr\\\/index.php\\\/en\\\/legal-notices\\\/\",\"name\":\"Legal Notices - Cybi - Solutions innovantes de Cybers\u00e9curit\u00e9 bas\u00e9es sur de l&#039;intelligence artificielle et de l&#039;apprentissage automatique\",\"isPartOf\":{\"@id\":\"https:\\\/\\\/www.cybi.fr\\\/#website\"},\"datePublished\":\"2025-03-28T13:31:34+00:00\",\"dateModified\":\"2025-03-28T14:57:11+00:00\",\"description\":\"Legal Notices - Cybi - Solutions innovantes de Cybers\u00e9curit\u00e9 bas\u00e9es sur de l&#039;intelligence artificielle et de l&#039;apprentissage automatique cybersecurite cybersecurity scuba chemin attaque Attack Path Management intrusion\",\"breadcrumb\":{\"@id\":\"https:\\\/\\\/www.cybi.fr\\\/index.php\\\/en\\\/legal-notices\\\/#breadcrumb\"},\"inLanguage\":\"fr-FR\",\"potentialAction\":[{\"@type\":\"ReadAction\",\"target\":[\"https:\\\/\\\/www.cybi.fr\\\/index.php\\\/en\\\/legal-notices\\\/\"]}]},{\"@type\":\"BreadcrumbList\",\"@id\":\"https:\\\/\\\/www.cybi.fr\\\/index.php\\\/en\\\/legal-notices\\\/#breadcrumb\",\"itemListElement\":[{\"@type\":\"ListItem\",\"position\":1,\"name\":\"Accueil\",\"item\":\"https:\\\/\\\/www.cybi.fr\\\/\"},{\"@type\":\"ListItem\",\"position\":2,\"name\":\"Legal Notices\"}]},{\"@type\":\"WebSite\",\"@id\":\"https:\\\/\\\/www.cybi.fr\\\/#website\",\"url\":\"https:\\\/\\\/www.cybi.fr\\\/\",\"name\":\"Cybi - Solutions innovantes de Cybers\u00e9curit\u00e9 bas\u00e9es sur de l&#039;intelligence artificielle et de l&#039;apprentissage automatique\",\"description\":\"Cybi - Cybersecurity Intelligence\",\"publisher\":{\"@id\":\"https:\\\/\\\/www.cybi.fr\\\/#organization\"},\"potentialAction\":[{\"@type\":\"SearchAction\",\"target\":{\"@type\":\"EntryPoint\",\"urlTemplate\":\"https:\\\/\\\/www.cybi.fr\\\/?s={search_term_string}\"},\"query-input\":{\"@type\":\"PropertyValueSpecification\",\"valueRequired\":true,\"valueName\":\"search_term_string\"}}],\"inLanguage\":\"fr-FR\"},{\"@type\":\"Organization\",\"@id\":\"https:\\\/\\\/www.cybi.fr\\\/#organization\",\"name\":\"Cybi\",\"url\":\"https:\\\/\\\/www.cybi.fr\\\/\",\"logo\":{\"@type\":\"ImageObject\",\"inLanguage\":\"fr-FR\",\"@id\":\"https:\\\/\\\/www.cybi.fr\\\/#\\\/schema\\\/logo\\\/image\\\/\",\"url\":\"https:\\\/\\\/www.cybi.fr\\\/wp-content\\\/uploads\\\/2022\\\/05\\\/Standard-2.png\",\"contentUrl\":\"https:\\\/\\\/www.cybi.fr\\\/wp-content\\\/uploads\\\/2022\\\/05\\\/Standard-2.png\",\"width\":2852,\"height\":1075,\"caption\":\"Cybi\"},\"image\":{\"@id\":\"https:\\\/\\\/www.cybi.fr\\\/#\\\/schema\\\/logo\\\/image\\\/\"},\"sameAs\":[\"https:\\\/\\\/x.com\\\/CYBI_CYBER\",\"https:\\\/\\\/www.linkedin.com\\\/company\\\/cybi\\\/\"]}]}<\/script>\n<!-- \/ Yoast SEO plugin. -->","yoast_head_json":{"title":"Legal Notices - Cybi - Solutions innovantes de Cybers\u00e9curit\u00e9 bas\u00e9es sur de l&#039;intelligence artificielle et de l&#039;apprentissage automatique","description":"Legal Notices - Cybi - Solutions innovantes de Cybers\u00e9curit\u00e9 bas\u00e9es sur de l&#039;intelligence artificielle et de l&#039;apprentissage automatique cybersecurite cybersecurity scuba chemin attaque Attack Path Management intrusion","robots":{"index":"index","follow":"follow","max-snippet":"max-snippet:-1","max-image-preview":"max-image-preview:large","max-video-preview":"max-video-preview:-1"},"canonical":"https:\/\/www.cybi.fr\/index.php\/en\/legal-notices\/","og_locale":"fr_FR","og_type":"article","og_title":"Legal Notices - Cybi - Solutions innovantes de Cybers\u00e9curit\u00e9 bas\u00e9es sur de l&#039;intelligence artificielle et de l&#039;apprentissage automatique","og_description":"Legal Notices - Cybi - Solutions innovantes de Cybers\u00e9curit\u00e9 bas\u00e9es sur de l&#039;intelligence artificielle et de l&#039;apprentissage automatique cybersecurite cybersecurity scuba chemin attaque Attack Path Management intrusion","og_url":"https:\/\/www.cybi.fr\/index.php\/en\/legal-notices\/","og_site_name":"Cybi - Solutions innovantes de Cybers\u00e9curit\u00e9 bas\u00e9es sur de l&#039;intelligence artificielle et de l&#039;apprentissage automatique","article_modified_time":"2025-03-28T14:57:11+00:00","twitter_card":"summary_large_image","twitter_site":"@CYBI_CYBER","twitter_misc":{"Dur\u00e9e de lecture estim\u00e9e":"3 minutes"},"schema":{"@context":"https:\/\/schema.org","@graph":[{"@type":"WebPage","@id":"https:\/\/www.cybi.fr\/index.php\/en\/legal-notices\/","url":"https:\/\/www.cybi.fr\/index.php\/en\/legal-notices\/","name":"Legal Notices - Cybi - Solutions innovantes de Cybers\u00e9curit\u00e9 bas\u00e9es sur de l&#039;intelligence artificielle et de l&#039;apprentissage automatique","isPartOf":{"@id":"https:\/\/www.cybi.fr\/#website"},"datePublished":"2025-03-28T13:31:34+00:00","dateModified":"2025-03-28T14:57:11+00:00","description":"Legal Notices - Cybi - Solutions innovantes de Cybers\u00e9curit\u00e9 bas\u00e9es sur de l&#039;intelligence artificielle et de l&#039;apprentissage automatique cybersecurite cybersecurity scuba chemin attaque Attack Path Management intrusion","breadcrumb":{"@id":"https:\/\/www.cybi.fr\/index.php\/en\/legal-notices\/#breadcrumb"},"inLanguage":"fr-FR","potentialAction":[{"@type":"ReadAction","target":["https:\/\/www.cybi.fr\/index.php\/en\/legal-notices\/"]}]},{"@type":"BreadcrumbList","@id":"https:\/\/www.cybi.fr\/index.php\/en\/legal-notices\/#breadcrumb","itemListElement":[{"@type":"ListItem","position":1,"name":"Accueil","item":"https:\/\/www.cybi.fr\/"},{"@type":"ListItem","position":2,"name":"Legal Notices"}]},{"@type":"WebSite","@id":"https:\/\/www.cybi.fr\/#website","url":"https:\/\/www.cybi.fr\/","name":"Cybi - Solutions innovantes de Cybers\u00e9curit\u00e9 bas\u00e9es sur de l&#039;intelligence artificielle et de l&#039;apprentissage automatique","description":"Cybi - Cybersecurity Intelligence","publisher":{"@id":"https:\/\/www.cybi.fr\/#organization"},"potentialAction":[{"@type":"SearchAction","target":{"@type":"EntryPoint","urlTemplate":"https:\/\/www.cybi.fr\/?s={search_term_string}"},"query-input":{"@type":"PropertyValueSpecification","valueRequired":true,"valueName":"search_term_string"}}],"inLanguage":"fr-FR"},{"@type":"Organization","@id":"https:\/\/www.cybi.fr\/#organization","name":"Cybi","url":"https:\/\/www.cybi.fr\/","logo":{"@type":"ImageObject","inLanguage":"fr-FR","@id":"https:\/\/www.cybi.fr\/#\/schema\/logo\/image\/","url":"https:\/\/www.cybi.fr\/wp-content\/uploads\/2022\/05\/Standard-2.png","contentUrl":"https:\/\/www.cybi.fr\/wp-content\/uploads\/2022\/05\/Standard-2.png","width":2852,"height":1075,"caption":"Cybi"},"image":{"@id":"https:\/\/www.cybi.fr\/#\/schema\/logo\/image\/"},"sameAs":["https:\/\/x.com\/CYBI_CYBER","https:\/\/www.linkedin.com\/company\/cybi\/"]}]}},"uagb_featured_image_src":{"full":false,"thumbnail":false,"medium":false,"medium_large":false,"large":false,"1536x1536":false,"2048x2048":false},"uagb_author_info":{"display_name":"Webmaster","author_link":"https:\/\/www.cybi.fr\/index.php\/author\/admin9517\/"},"uagb_comment_info":0,"uagb_excerpt":"In accordance with the provisions of Articles 6-III and 19 of Law No. 2004-575 of June 21, 2004, on Confidence in the Digital Economy, known as the L.C.E.N., users and visitors (hereinafter the \u00ab\u00a0User\u00a0\u00bb) of the website https:\/\/www.cybi.fr, hereinafter the \u00ab\u00a0Site,\u00a0\u00bb are hereby informed of these legal notices. Connecting to and browsing the Site by\u2026","jetpack_sharing_enabled":true,"_links":{"self":[{"href":"https:\/\/www.cybi.fr\/index.php\/wp-json\/wp\/v2\/pages\/801","targetHints":{"allow":["GET"]}}],"collection":[{"href":"https:\/\/www.cybi.fr\/index.php\/wp-json\/wp\/v2\/pages"}],"about":[{"href":"https:\/\/www.cybi.fr\/index.php\/wp-json\/wp\/v2\/types\/page"}],"author":[{"embeddable":true,"href":"https:\/\/www.cybi.fr\/index.php\/wp-json\/wp\/v2\/users\/1"}],"replies":[{"embeddable":true,"href":"https:\/\/www.cybi.fr\/index.php\/wp-json\/wp\/v2\/comments?post=801"}],"version-history":[{"count":2,"href":"https:\/\/www.cybi.fr\/index.php\/wp-json\/wp\/v2\/pages\/801\/revisions"}],"predecessor-version":[{"id":839,"href":"https:\/\/www.cybi.fr\/index.php\/wp-json\/wp\/v2\/pages\/801\/revisions\/839"}],"wp:attachment":[{"href":"https:\/\/www.cybi.fr\/index.php\/wp-json\/wp\/v2\/media?parent=801"}],"curies":[{"name":"wp","href":"https:\/\/api.w.org\/{rel}","templated":true}]}}